{"id":382,"date":"2021-04-30T11:09:27","date_gmt":"2021-04-30T11:09:27","guid":{"rendered":"https:\/\/amazing-grace-sarl.com\/?page_id=382"},"modified":"2021-05-07T12:02:02","modified_gmt":"2021-05-07T12:02:02","slug":"autres-zones","status":"publish","type":"page","link":"https:\/\/amazing-grace-sarl.com\/?page_id=382","title":{"rendered":"Autres Zones"},"content":{"rendered":"\t\t<div data-elementor-type=\"wp-page\" data-elementor-id=\"382\" class=\"elementor elementor-382\">\n\t\t\t\t\t\t\t\t\t<section class=\"elementor-section elementor-top-section elementor-element elementor-element-7ef717b9 elementor-section-boxed elementor-section-height-default elementor-section-height-default\" data-id=\"7ef717b9\" data-element_type=\"section\">\n\t\t\t\t\t\t<div class=\"elementor-container elementor-column-gap-default\">\n\t\t\t\t\t<div class=\"elementor-column elementor-col-100 elementor-top-column elementor-element elementor-element-1f565e7f\" data-id=\"1f565e7f\" data-element_type=\"column\">\n\t\t\t<div class=\"elementor-widget-wrap elementor-element-populated\">\n\t\t\t\t\t\t\t\t<div class=\"elementor-element elementor-element-698a4e61 elementor-arrows-position-outside elementor-pagination-position-outside elementor-widget elementor-widget-image-carousel\" data-id=\"698a4e61\" data-element_type=\"widget\" data-settings=\"{&quot;slides_to_show&quot;:&quot;1&quot;,&quot;navigation&quot;:&quot;both&quot;,&quot;autoplay&quot;:&quot;yes&quot;,&quot;pause_on_hover&quot;:&quot;yes&quot;,&quot;pause_on_interaction&quot;:&quot;yes&quot;,&quot;autoplay_speed&quot;:5000,&quot;infinite&quot;:&quot;yes&quot;,&quot;effect&quot;:&quot;slide&quot;,&quot;speed&quot;:500}\" data-widget_type=\"image-carousel.default\">\n\t\t\t\t<div class=\"elementor-widget-container\">\n\t\t\t\t\t<div class=\"elementor-image-carousel-wrapper swiper-container\" dir=\"ltr\">\n\t\t\t<div class=\"elementor-image-carousel swiper-wrapper swiper-image-stretch\">\n\t\t\t\t\t\t\t\t<div class=\"swiper-slide\"><figure class=\"swiper-slide-inner\"><img decoding=\"async\" class=\"swiper-slide-image\" src=\"https:\/\/amazing-grace-sarl.com\/wp-content\/uploads\/2021\/05\/1-1-1024x683.jpg\" alt=\"Corbillard Limousine blanche 5,5 m\u00e8tres\" \/><figcaption class=\"elementor-image-carousel-caption\">Corbillard Limousine blanche 5,5 m\u00e8tres<\/figcaption><\/figure><\/div><div class=\"swiper-slide\"><figure class=\"swiper-slide-inner\"><img decoding=\"async\" class=\"swiper-slide-image\" src=\"https:\/\/amazing-grace-sarl.com\/wp-content\/uploads\/2021\/05\/4-1.jpg\" alt=\"Corbillard Limousine blanche 5,5 m\u00e8tres\" \/><figcaption class=\"elementor-image-carousel-caption\">Corbillard Limousine blanche 5,5 m\u00e8tres<\/figcaption><\/figure><\/div><div class=\"swiper-slide\"><figure class=\"swiper-slide-inner\"><img decoding=\"async\" class=\"swiper-slide-image\" src=\"https:\/\/amazing-grace-sarl.com\/wp-content\/uploads\/2021\/05\/9-1.jpg\" alt=\"Corbillard Limousine blanche 5,5 m\u00e8tres\" \/><figcaption class=\"elementor-image-carousel-caption\">Corbillard Limousine blanche 5,5 m\u00e8tres<\/figcaption><\/figure><\/div><div class=\"swiper-slide\"><figure class=\"swiper-slide-inner\"><img decoding=\"async\" class=\"swiper-slide-image\" src=\"https:\/\/amazing-grace-sarl.com\/wp-content\/uploads\/2021\/05\/12.jpg\" alt=\"Corbillard Limousine blanche 5,5 m\u00e8tres\" \/><figcaption class=\"elementor-image-carousel-caption\">Corbillard Limousine blanche 5,5 m\u00e8tres<\/figcaption><\/figure><\/div><div class=\"swiper-slide\"><figure class=\"swiper-slide-inner\"><img decoding=\"async\" class=\"swiper-slide-image\" src=\"https:\/\/amazing-grace-sarl.com\/wp-content\/uploads\/2021\/05\/3-1.jpg\" alt=\"Corbillard Limousine noire 5,5 m\u00e8tres\" \/><figcaption class=\"elementor-image-carousel-caption\">Corbillard Limousine noire 5,5 m\u00e8tres<\/figcaption><\/figure><\/div><div class=\"swiper-slide\"><figure class=\"swiper-slide-inner\"><img decoding=\"async\" class=\"swiper-slide-image\" src=\"https:\/\/amazing-grace-sarl.com\/wp-content\/uploads\/2021\/05\/6-1.jpg\" alt=\"Corbillard Limousine noire 5,5 m\u00e8tres\" \/><figcaption class=\"elementor-image-carousel-caption\">Corbillard Limousine noire 5,5 m\u00e8tres<\/figcaption><\/figure><\/div><div class=\"swiper-slide\"><figure class=\"swiper-slide-inner\"><img decoding=\"async\" class=\"swiper-slide-image\" src=\"https:\/\/amazing-grace-sarl.com\/wp-content\/uploads\/2021\/05\/10.jpg\" alt=\"Corbillard Limousine noire 5,5 m\u00e8tres\" \/><figcaption class=\"elementor-image-carousel-caption\">Corbillard Limousine noire 5,5 m\u00e8tres<\/figcaption><\/figure><\/div><div class=\"swiper-slide\"><figure class=\"swiper-slide-inner\"><img decoding=\"async\" class=\"swiper-slide-image\" src=\"https:\/\/amazing-grace-sarl.com\/wp-content\/uploads\/2021\/05\/13.jpg\" alt=\"Corbillard Limousine noire 5,5 m\u00e8tres\" \/><figcaption class=\"elementor-image-carousel-caption\">Corbillard Limousine noire 5,5 m\u00e8tres<\/figcaption><\/figure><\/div><div class=\"swiper-slide\"><figure class=\"swiper-slide-inner\"><img decoding=\"async\" class=\"swiper-slide-image\" src=\"https:\/\/amazing-grace-sarl.com\/wp-content\/uploads\/2021\/05\/2-1.jpg\" alt=\"Corbillard 4x4 5,3 m\u00e8tres\" \/><figcaption class=\"elementor-image-carousel-caption\">Corbillard 4x4 5,3 m\u00e8tres<\/figcaption><\/figure><\/div><div class=\"swiper-slide\"><figure class=\"swiper-slide-inner\"><img decoding=\"async\" class=\"swiper-slide-image\" src=\"https:\/\/amazing-grace-sarl.com\/wp-content\/uploads\/2021\/05\/8-1.jpg\" alt=\"Corbillard 4x4 5,3 m\u00e8tres\" \/><figcaption class=\"elementor-image-carousel-caption\">Corbillard 4x4 5,3 m\u00e8tres<\/figcaption><\/figure><\/div><div class=\"swiper-slide\"><figure class=\"swiper-slide-inner\"><img decoding=\"async\" class=\"swiper-slide-image\" src=\"https:\/\/amazing-grace-sarl.com\/wp-content\/uploads\/2021\/05\/11.jpg\" alt=\"Corbillard 4x4 5,3 m\u00e8tres\" \/><figcaption class=\"elementor-image-carousel-caption\">Corbillard 4x4 5,3 m\u00e8tres<\/figcaption><\/figure><\/div><div class=\"swiper-slide\"><figure class=\"swiper-slide-inner\"><img decoding=\"async\" class=\"swiper-slide-image\" src=\"https:\/\/amazing-grace-sarl.com\/wp-content\/uploads\/2021\/05\/14.jpg\" alt=\"Corbillard 4x4 5,3 m\u00e8tres\" \/><figcaption class=\"elementor-image-carousel-caption\">Corbillard 4x4 5,3 m\u00e8tres<\/figcaption><\/figure><\/div>\t\t\t<\/div>\n\t\t\t\t\t\t\t\t\t\t\t\t<div class=\"swiper-pagination\"><\/div>\n\t\t\t\t\t\t\t\t\t\t\t\t\t<div class=\"elementor-swiper-button elementor-swiper-button-prev\">\n\t\t\t\t\t\t<i aria-hidden=\"true\" class=\"eicon-chevron-left\"><\/i>\t\t\t\t\t\t<span class=\"elementor-screen-only\">Pr\u00e9c\u00e9dent<\/span>\n\t\t\t\t\t<\/div>\n\t\t\t\t\t<div class=\"elementor-swiper-button elementor-swiper-button-next\">\n\t\t\t\t\t\t<i aria-hidden=\"true\" class=\"eicon-chevron-right\"><\/i>\t\t\t\t\t\t<span class=\"elementor-screen-only\">Suivant<\/span>\n\t\t\t\t\t<\/div>\n\t\t\t\t\t\t\t\t\t<\/div>\n\t\t\t\t<\/div>\n\t\t\t\t<\/div>\n\t\t\t\t\t<\/div>\n\t\t<\/div>\n\t\t\t\t\t\t\t<\/div>\n\t\t<\/section>\n\t\t\t\t<section class=\"elementor-section elementor-top-section elementor-element elementor-element-b00521e elementor-section-boxed elementor-section-height-default elementor-section-height-default\" data-id=\"b00521e\" data-element_type=\"section\">\n\t\t\t\t\t\t<div class=\"elementor-container elementor-column-gap-default\">\n\t\t\t\t\t<div class=\"elementor-column elementor-col-100 elementor-top-column elementor-element elementor-element-eb2a8b5\" data-id=\"eb2a8b5\" data-element_type=\"column\">\n\t\t\t<div class=\"elementor-widget-wrap elementor-element-populated\">\n\t\t\t\t\t\t\t\t<div class=\"elementor-element elementor-element-0d42f4a elementor-icon-list--layout-traditional elementor-list-item-link-full_width elementor-widget elementor-widget-icon-list\" data-id=\"0d42f4a\" data-element_type=\"widget\" data-widget_type=\"icon-list.default\">\n\t\t\t\t<div class=\"elementor-widget-container\">\n\t\t\t\t\t<ul class=\"elementor-icon-list-items\">\n\t\t\t\t\t\t\t<li class=\"elementor-icon-list-item\">\n\t\t\t\t\t\t\t\t\t\t\t<span class=\"elementor-icon-list-icon\">\n\t\t\t\t\t\t\t<i aria-hidden=\"true\" class=\"fas fa-check\"><\/i>\t\t\t\t\t\t<\/span>\n\t\t\t\t\t\t\t\t\t\t<span class=\"elementor-icon-list-text\">Bamenda<\/span>\n\t\t\t\t\t\t\t\t\t<\/li>\n\t\t\t\t\t\t\t\t<li class=\"elementor-icon-list-item\">\n\t\t\t\t\t\t\t\t\t\t\t<span class=\"elementor-icon-list-icon\">\n\t\t\t\t\t\t\t<i aria-hidden=\"true\" class=\"fas fa-check\"><\/i>\t\t\t\t\t\t<\/span>\n\t\t\t\t\t\t\t\t\t\t<span class=\"elementor-icon-list-text\">Ambam<\/span>\n\t\t\t\t\t\t\t\t\t<\/li>\n\t\t\t\t\t\t\t\t<li class=\"elementor-icon-list-item\">\n\t\t\t\t\t\t\t\t\t\t\t<span class=\"elementor-icon-list-icon\">\n\t\t\t\t\t\t\t<i aria-hidden=\"true\" class=\"fas fa-check\"><\/i>\t\t\t\t\t\t<\/span>\n\t\t\t\t\t\t\t\t\t\t<span class=\"elementor-icon-list-text\">Sangmelima<\/span>\n\t\t\t\t\t\t\t\t\t<\/li>\n\t\t\t\t\t\t\t\t<li class=\"elementor-icon-list-item\">\n\t\t\t\t\t\t\t\t\t\t\t<span class=\"elementor-icon-list-icon\">\n\t\t\t\t\t\t\t<i aria-hidden=\"true\" class=\"fas fa-check\"><\/i>\t\t\t\t\t\t<\/span>\n\t\t\t\t\t\t\t\t\t\t<span class=\"elementor-icon-list-text\">Ebolowa<\/span>\n\t\t\t\t\t\t\t\t\t<\/li>\n\t\t\t\t\t\t\t\t<li class=\"elementor-icon-list-item\">\n\t\t\t\t\t\t\t\t\t\t\t<span class=\"elementor-icon-list-icon\">\n\t\t\t\t\t\t\t<i aria-hidden=\"true\" class=\"fas fa-check\"><\/i>\t\t\t\t\t\t<\/span>\n\t\t\t\t\t\t\t\t\t\t<span class=\"elementor-icon-list-text\">Djoum<\/span>\n\t\t\t\t\t\t\t\t\t<\/li>\n\t\t\t\t\t\t<\/ul>\n\t\t\t\t<\/div>\n\t\t\t\t<\/div>\n\t\t\t\t\t<\/div>\n\t\t<\/div>\n\t\t\t\t\t\t\t<\/div>\n\t\t<\/section>\n\t\t\t\t\t\t\t<\/div>\n\t\t","protected":false},"excerpt":{"rendered":"<p>Corbillard Limousine blanche 5,5 m\u00e8tres Corbillard Limousine blanche 5,5 m\u00e8tres Corbillard Limousine blanche 5,5 m\u00e8tres Corbillard Limousine blanche 5,5 m\u00e8tres Corbillard Limousine noire 5,5 m\u00e8tres Corbillard Limousine noire 5,5 m\u00e8tres Corbillard Limousine noire 5,5 m\u00e8tres Corbillard Limousine noire 5,5 m\u00e8tres Corbillard 4&#215;4 5,3 m\u00e8tres Corbillard 4&#215;4 5,3 m\u00e8tres Corbillard 4&#215;4 5,3 m\u00e8tres Corbillard 4&#215;4 5,3 &hellip;<\/p>\n<p class=\"read-more\"> <a class=\"\" href=\"https:\/\/amazing-grace-sarl.com\/?page_id=382\"> <span class=\"screen-reader-text\">Autres Zones<\/span> Lire la suite\u00a0\u00bb<\/a><\/p>\n","protected":false},"author":1,"featured_media":0,"parent":0,"menu_order":0,"comment_status":"closed","ping_status":"closed","template":"","meta":{"pgc_sgb_lightbox_settings":"","footnotes":""},"class_list":["post-382","page","type-page","status-publish","hentry"],"_links":{"self":[{"href":"https:\/\/amazing-grace-sarl.com\/index.php?rest_route=\/wp\/v2\/pages\/382","targetHints":{"allow":["GET"]}}],"collection":[{"href":"https:\/\/amazing-grace-sarl.com\/index.php?rest_route=\/wp\/v2\/pages"}],"about":[{"href":"https:\/\/amazing-grace-sarl.com\/index.php?rest_route=\/wp\/v2\/types\/page"}],"author":[{"embeddable":true,"href":"https:\/\/amazing-grace-sarl.com\/index.php?rest_route=\/wp\/v2\/users\/1"}],"replies":[{"embeddable":true,"href":"https:\/\/amazing-grace-sarl.com\/index.php?rest_route=%2Fwp%2Fv2%2Fcomments&post=382"}],"version-history":[{"count":13,"href":"https:\/\/amazing-grace-sarl.com\/index.php?rest_route=\/wp\/v2\/pages\/382\/revisions"}],"predecessor-version":[{"id":544,"href":"https:\/\/amazing-grace-sarl.com\/index.php?rest_route=\/wp\/v2\/pages\/382\/revisions\/544"}],"wp:attachment":[{"href":"https:\/\/amazing-grace-sarl.com\/index.php?rest_route=%2Fwp%2Fv2%2Fmedia&parent=382"}],"curies":[{"name":"wp","href":"https:\/\/api.w.org\/{rel}","templated":true}]}}