{"id":562,"date":"2021-05-08T06:13:17","date_gmt":"2021-05-08T06:13:17","guid":{"rendered":"https:\/\/amazing-grace-sarl.com\/?page_id=562"},"modified":"2022-08-05T15:22:54","modified_gmt":"2022-08-05T15:22:54","slug":"accueil","status":"publish","type":"page","link":"https:\/\/amazing-grace-sarl.com\/","title":{"rendered":"ACCUEIL"},"content":{"rendered":"\t\t<div data-elementor-type=\"wp-page\" data-elementor-id=\"562\" class=\"elementor elementor-562\">\n\t\t\t\t\t\t\t\t\t<section class=\"elementor-section elementor-top-section elementor-element elementor-element-292bd20 elementor-section-boxed elementor-section-height-default elementor-section-height-default\" data-id=\"292bd20\" data-element_type=\"section\">\n\t\t\t\t\t\t<div class=\"elementor-container elementor-column-gap-default\">\n\t\t\t\t\t<div class=\"elementor-column elementor-col-100 elementor-top-column elementor-element elementor-element-84008aa\" data-id=\"84008aa\" data-element_type=\"column\">\n\t\t\t<div class=\"elementor-widget-wrap elementor-element-populated\">\n\t\t\t\t\t\t\t\t<div class=\"elementor-element elementor-element-c9eeeae elementor-widget elementor-widget-text-editor\" data-id=\"c9eeeae\" data-element_type=\"widget\" data-widget_type=\"text-editor.default\">\n\t\t\t\t<div class=\"elementor-widget-container\">\n\t\t\t\t\t\t\t<p style=\"text-align: center;\">Nous sommes une entreprise professionnelle dans la location des v\u00e9hicules \u00e9v\u00e8nementiels de prestige: <strong>Fun\u00e9raires, Tourisme, Mariages et autres<\/strong><\/p>\t\t\t\t\t\t<\/div>\n\t\t\t\t<\/div>\n\t\t\t\t\t<\/div>\n\t\t<\/div>\n\t\t\t\t\t\t\t<\/div>\n\t\t<\/section>\n\t\t\t\t<section class=\"elementor-section elementor-top-section elementor-element elementor-element-b5442b8 elementor-section-boxed elementor-section-height-default elementor-section-height-default\" data-id=\"b5442b8\" data-element_type=\"section\">\n\t\t\t\t\t\t<div class=\"elementor-container elementor-column-gap-default\">\n\t\t\t\t\t<div class=\"elementor-column elementor-col-100 elementor-top-column elementor-element elementor-element-510168e\" data-id=\"510168e\" data-element_type=\"column\">\n\t\t\t<div class=\"elementor-widget-wrap elementor-element-populated\">\n\t\t\t\t\t\t\t\t<div class=\"elementor-element elementor-element-537d13d elementor-widget elementor-widget-image\" data-id=\"537d13d\" data-element_type=\"widget\" data-widget_type=\"image.default\">\n\t\t\t\t<div class=\"elementor-widget-container\">\n\t\t\t\t\t\t\t\t\t\t\t\t\t\t\t<img loading=\"lazy\" decoding=\"async\" width=\"1024\" height=\"678\" src=\"https:\/\/amazing-grace-sarl.com\/wp-content\/uploads\/2021\/04\/image-de-la-boutique-1024x678.jpg\" class=\"attachment-large size-large\" alt=\"Bureau Pompes Fun\u00e8bres\" srcset=\"https:\/\/amazing-grace-sarl.com\/wp-content\/uploads\/2021\/04\/image-de-la-boutique-1024x678.jpg 1024w, https:\/\/amazing-grace-sarl.com\/wp-content\/uploads\/2021\/04\/image-de-la-boutique-300x199.jpg 300w, https:\/\/amazing-grace-sarl.com\/wp-content\/uploads\/2021\/04\/image-de-la-boutique-768x509.jpg 768w, https:\/\/amazing-grace-sarl.com\/wp-content\/uploads\/2021\/04\/image-de-la-boutique-1536x1017.jpg 1536w, https:\/\/amazing-grace-sarl.com\/wp-content\/uploads\/2021\/04\/image-de-la-boutique-2048x1356.jpg 2048w\" sizes=\"auto, (max-width: 1024px) 100vw, 1024px\" \/>\t\t\t\t\t\t\t\t\t\t\t\t\t\t\t<\/div>\n\t\t\t\t<\/div>\n\t\t\t\t\t<\/div>\n\t\t<\/div>\n\t\t\t\t\t\t\t<\/div>\n\t\t<\/section>\n\t\t\t\t\t\t\t<\/div>\n\t\t","protected":false},"excerpt":{"rendered":"<p>Nous sommes une entreprise professionnelle dans la location des v\u00e9hicules \u00e9v\u00e8nementiels de prestige: Fun\u00e9raires, Tourisme, Mariages et autres<\/p>\n","protected":false},"author":1,"featured_media":0,"parent":0,"menu_order":0,"comment_status":"closed","ping_status":"closed","template":"","meta":{"pgc_sgb_lightbox_settings":"","footnotes":""},"class_list":["post-562","page","type-page","status-publish","hentry"],"_links":{"self":[{"href":"https:\/\/amazing-grace-sarl.com\/index.php?rest_route=\/wp\/v2\/pages\/562","targetHints":{"allow":["GET"]}}],"collection":[{"href":"https:\/\/amazing-grace-sarl.com\/index.php?rest_route=\/wp\/v2\/pages"}],"about":[{"href":"https:\/\/amazing-grace-sarl.com\/index.php?rest_route=\/wp\/v2\/types\/page"}],"author":[{"embeddable":true,"href":"https:\/\/amazing-grace-sarl.com\/index.php?rest_route=\/wp\/v2\/users\/1"}],"replies":[{"embeddable":true,"href":"https:\/\/amazing-grace-sarl.com\/index.php?rest_route=%2Fwp%2Fv2%2Fcomments&post=562"}],"version-history":[{"count":16,"href":"https:\/\/amazing-grace-sarl.com\/index.php?rest_route=\/wp\/v2\/pages\/562\/revisions"}],"predecessor-version":[{"id":805,"href":"https:\/\/amazing-grace-sarl.com\/index.php?rest_route=\/wp\/v2\/pages\/562\/revisions\/805"}],"wp:attachment":[{"href":"https:\/\/amazing-grace-sarl.com\/index.php?rest_route=%2Fwp%2Fv2%2Fmedia&parent=562"}],"curies":[{"name":"wp","href":"https:\/\/api.w.org\/{rel}","templated":true}]}}