{"id":90,"date":"2021-04-25T11:23:54","date_gmt":"2021-04-25T11:23:54","guid":{"rendered":"https:\/\/amazing-grace-sarl.com\/?page_id=90"},"modified":"2021-05-07T12:15:42","modified_gmt":"2021-05-07T12:15:42","slug":"zone-d","status":"publish","type":"page","link":"https:\/\/amazing-grace-sarl.com\/?page_id=90","title":{"rendered":"ZONE D"},"content":{"rendered":"\t\t<div data-elementor-type=\"wp-page\" data-elementor-id=\"90\" class=\"elementor elementor-90\">\n\t\t\t\t\t\t\t\t\t<section class=\"elementor-section elementor-top-section elementor-element elementor-element-246ed052 elementor-section-boxed elementor-section-height-default elementor-section-height-default\" data-id=\"246ed052\" data-element_type=\"section\">\n\t\t\t\t\t\t<div class=\"elementor-container elementor-column-gap-default\">\n\t\t\t\t\t<div class=\"elementor-column elementor-col-100 elementor-top-column elementor-element elementor-element-60dce46b\" data-id=\"60dce46b\" data-element_type=\"column\">\n\t\t\t<div class=\"elementor-widget-wrap elementor-element-populated\">\n\t\t\t\t\t\t\t\t<div class=\"elementor-element elementor-element-76311d2e elementor-arrows-position-outside elementor-pagination-position-outside elementor-widget elementor-widget-image-carousel\" data-id=\"76311d2e\" data-element_type=\"widget\" data-settings=\"{&quot;slides_to_show&quot;:&quot;1&quot;,&quot;navigation&quot;:&quot;both&quot;,&quot;autoplay&quot;:&quot;yes&quot;,&quot;pause_on_hover&quot;:&quot;yes&quot;,&quot;pause_on_interaction&quot;:&quot;yes&quot;,&quot;autoplay_speed&quot;:5000,&quot;infinite&quot;:&quot;yes&quot;,&quot;effect&quot;:&quot;slide&quot;,&quot;speed&quot;:500}\" data-widget_type=\"image-carousel.default\">\n\t\t\t\t<div class=\"elementor-widget-container\">\n\t\t\t\t\t<div class=\"elementor-image-carousel-wrapper swiper-container\" dir=\"ltr\">\n\t\t\t<div class=\"elementor-image-carousel swiper-wrapper swiper-image-stretch\">\n\t\t\t\t\t\t\t\t<div class=\"swiper-slide\"><figure class=\"swiper-slide-inner\"><img decoding=\"async\" class=\"swiper-slide-image\" src=\"https:\/\/amazing-grace-sarl.com\/wp-content\/uploads\/2021\/05\/1-1-1024x683.jpg\" alt=\"Corbillard Limousine blanche 5,5 m\u00e8tres\" \/><figcaption class=\"elementor-image-carousel-caption\">Corbillard Limousine blanche 5,5 m\u00e8tres<\/figcaption><\/figure><\/div><div class=\"swiper-slide\"><figure class=\"swiper-slide-inner\"><img decoding=\"async\" class=\"swiper-slide-image\" src=\"https:\/\/amazing-grace-sarl.com\/wp-content\/uploads\/2021\/05\/4-1.jpg\" alt=\"Corbillard Limousine blanche 5,5 m\u00e8tres\" \/><figcaption class=\"elementor-image-carousel-caption\">Corbillard Limousine blanche 5,5 m\u00e8tres<\/figcaption><\/figure><\/div><div class=\"swiper-slide\"><figure class=\"swiper-slide-inner\"><img decoding=\"async\" class=\"swiper-slide-image\" src=\"https:\/\/amazing-grace-sarl.com\/wp-content\/uploads\/2021\/05\/9-1.jpg\" alt=\"Corbillard Limousine blanche 5,5 m\u00e8tres\" \/><figcaption class=\"elementor-image-carousel-caption\">Corbillard Limousine blanche 5,5 m\u00e8tres<\/figcaption><\/figure><\/div><div class=\"swiper-slide\"><figure class=\"swiper-slide-inner\"><img decoding=\"async\" class=\"swiper-slide-image\" src=\"https:\/\/amazing-grace-sarl.com\/wp-content\/uploads\/2021\/05\/12.jpg\" alt=\"Corbillard Limousine blanche 5,5 m\u00e8tres\" \/><figcaption class=\"elementor-image-carousel-caption\">Corbillard Limousine blanche 5,5 m\u00e8tres<\/figcaption><\/figure><\/div><div class=\"swiper-slide\"><figure class=\"swiper-slide-inner\"><img decoding=\"async\" class=\"swiper-slide-image\" src=\"https:\/\/amazing-grace-sarl.com\/wp-content\/uploads\/2021\/05\/3-1.jpg\" alt=\"Corbillard Limousine noire 5,5 m\u00e8tres\" \/><figcaption class=\"elementor-image-carousel-caption\">Corbillard Limousine noire 5,5 m\u00e8tres<\/figcaption><\/figure><\/div><div class=\"swiper-slide\"><figure class=\"swiper-slide-inner\"><img decoding=\"async\" class=\"swiper-slide-image\" src=\"https:\/\/amazing-grace-sarl.com\/wp-content\/uploads\/2021\/05\/6-1.jpg\" alt=\"Corbillard Limousine noire 5,5 m\u00e8tres\" \/><figcaption class=\"elementor-image-carousel-caption\">Corbillard Limousine noire 5,5 m\u00e8tres<\/figcaption><\/figure><\/div><div class=\"swiper-slide\"><figure class=\"swiper-slide-inner\"><img decoding=\"async\" class=\"swiper-slide-image\" src=\"https:\/\/amazing-grace-sarl.com\/wp-content\/uploads\/2021\/05\/10.jpg\" alt=\"Corbillard Limousine noire 5,5 m\u00e8tres\" \/><figcaption class=\"elementor-image-carousel-caption\">Corbillard Limousine noire 5,5 m\u00e8tres<\/figcaption><\/figure><\/div><div class=\"swiper-slide\"><figure class=\"swiper-slide-inner\"><img decoding=\"async\" class=\"swiper-slide-image\" src=\"https:\/\/amazing-grace-sarl.com\/wp-content\/uploads\/2021\/05\/13.jpg\" alt=\"Corbillard Limousine noire 5,5 m\u00e8tres\" \/><figcaption class=\"elementor-image-carousel-caption\">Corbillard Limousine noire 5,5 m\u00e8tres<\/figcaption><\/figure><\/div><div class=\"swiper-slide\"><figure class=\"swiper-slide-inner\"><img decoding=\"async\" class=\"swiper-slide-image\" src=\"https:\/\/amazing-grace-sarl.com\/wp-content\/uploads\/2021\/05\/2-1.jpg\" alt=\"Corbillard 4x4 5,3 m\u00e8tres\" \/><figcaption class=\"elementor-image-carousel-caption\">Corbillard 4x4 5,3 m\u00e8tres<\/figcaption><\/figure><\/div><div class=\"swiper-slide\"><figure class=\"swiper-slide-inner\"><img decoding=\"async\" class=\"swiper-slide-image\" src=\"https:\/\/amazing-grace-sarl.com\/wp-content\/uploads\/2021\/05\/8-1.jpg\" alt=\"Corbillard 4x4 5,3 m\u00e8tres\" \/><figcaption class=\"elementor-image-carousel-caption\">Corbillard 4x4 5,3 m\u00e8tres<\/figcaption><\/figure><\/div><div class=\"swiper-slide\"><figure class=\"swiper-slide-inner\"><img decoding=\"async\" class=\"swiper-slide-image\" src=\"https:\/\/amazing-grace-sarl.com\/wp-content\/uploads\/2021\/05\/11.jpg\" alt=\"Corbillard 4x4 5,3 m\u00e8tres\" \/><figcaption class=\"elementor-image-carousel-caption\">Corbillard 4x4 5,3 m\u00e8tres<\/figcaption><\/figure><\/div><div class=\"swiper-slide\"><figure class=\"swiper-slide-inner\"><img decoding=\"async\" class=\"swiper-slide-image\" src=\"https:\/\/amazing-grace-sarl.com\/wp-content\/uploads\/2021\/05\/14.jpg\" alt=\"Corbillard 4x4 5,3 m\u00e8tres\" \/><figcaption class=\"elementor-image-carousel-caption\">Corbillard 4x4 5,3 m\u00e8tres<\/figcaption><\/figure><\/div>\t\t\t<\/div>\n\t\t\t\t\t\t\t\t\t\t\t\t<div class=\"swiper-pagination\"><\/div>\n\t\t\t\t\t\t\t\t\t\t\t\t\t<div class=\"elementor-swiper-button elementor-swiper-button-prev\">\n\t\t\t\t\t\t<i aria-hidden=\"true\" class=\"eicon-chevron-left\"><\/i>\t\t\t\t\t\t<span class=\"elementor-screen-only\">Pr\u00e9c\u00e9dent<\/span>\n\t\t\t\t\t<\/div>\n\t\t\t\t\t<div class=\"elementor-swiper-button elementor-swiper-button-next\">\n\t\t\t\t\t\t<i aria-hidden=\"true\" class=\"eicon-chevron-right\"><\/i>\t\t\t\t\t\t<span class=\"elementor-screen-only\">Suivant<\/span>\n\t\t\t\t\t<\/div>\n\t\t\t\t\t\t\t\t\t<\/div>\n\t\t\t\t<\/div>\n\t\t\t\t<\/div>\n\t\t\t\t\t<\/div>\n\t\t<\/div>\n\t\t\t\t\t\t\t<\/div>\n\t\t<\/section>\n\t\t\t\t<section class=\"elementor-section elementor-top-section elementor-element elementor-element-5eef0b6 elementor-section-boxed elementor-section-height-default elementor-section-height-default\" data-id=\"5eef0b6\" data-element_type=\"section\">\n\t\t\t\t\t\t<div class=\"elementor-container elementor-column-gap-default\">\n\t\t\t\t\t<div class=\"elementor-column elementor-col-100 elementor-top-column elementor-element elementor-element-a8c57a8\" data-id=\"a8c57a8\" data-element_type=\"column\">\n\t\t\t<div class=\"elementor-widget-wrap elementor-element-populated\">\n\t\t\t\t\t\t\t\t<div class=\"elementor-element elementor-element-e012802 elementor-widget elementor-widget-spacer\" data-id=\"e012802\" data-element_type=\"widget\" data-widget_type=\"spacer.default\">\n\t\t\t\t<div class=\"elementor-widget-container\">\n\t\t\t\t\t<div class=\"elementor-spacer\">\n\t\t\t<div class=\"elementor-spacer-inner\"><\/div>\n\t\t<\/div>\n\t\t\t\t<\/div>\n\t\t\t\t<\/div>\n\t\t\t\t\t<\/div>\n\t\t<\/div>\n\t\t\t\t\t\t\t<\/div>\n\t\t<\/section>\n\t\t\t\t<section class=\"elementor-section elementor-top-section elementor-element elementor-element-aa4ebfc elementor-section-boxed elementor-section-height-default elementor-section-height-default\" data-id=\"aa4ebfc\" data-element_type=\"section\">\n\t\t\t\t\t\t<div class=\"elementor-container elementor-column-gap-default\">\n\t\t\t\t\t<div class=\"elementor-column elementor-col-50 elementor-top-column elementor-element elementor-element-9c799da\" data-id=\"9c799da\" data-element_type=\"column\">\n\t\t\t<div class=\"elementor-widget-wrap elementor-element-populated\">\n\t\t\t\t\t\t\t\t<div class=\"elementor-element elementor-element-ebc2e56 elementor-icon-list--layout-traditional elementor-list-item-link-full_width elementor-widget elementor-widget-icon-list\" data-id=\"ebc2e56\" data-element_type=\"widget\" data-widget_type=\"icon-list.default\">\n\t\t\t\t<div class=\"elementor-widget-container\">\n\t\t\t\t\t<ul class=\"elementor-icon-list-items\">\n\t\t\t\t\t\t\t<li class=\"elementor-icon-list-item\">\n\t\t\t\t\t\t\t\t\t\t\t<span class=\"elementor-icon-list-icon\">\n\t\t\t\t\t\t\t<i aria-hidden=\"true\" class=\"fas fa-check\"><\/i>\t\t\t\t\t\t<\/span>\n\t\t\t\t\t\t\t\t\t\t<span class=\"elementor-icon-list-text\">Bafoussam<\/span>\n\t\t\t\t\t\t\t\t\t<\/li>\n\t\t\t\t\t\t\t\t<li class=\"elementor-icon-list-item\">\n\t\t\t\t\t\t\t\t\t\t\t<span class=\"elementor-icon-list-icon\">\n\t\t\t\t\t\t\t<i aria-hidden=\"true\" class=\"fas fa-check\"><\/i>\t\t\t\t\t\t<\/span>\n\t\t\t\t\t\t\t\t\t\t<span class=\"elementor-icon-list-text\">Dschang<\/span>\n\t\t\t\t\t\t\t\t\t<\/li>\n\t\t\t\t\t\t<\/ul>\n\t\t\t\t<\/div>\n\t\t\t\t<\/div>\n\t\t\t\t\t<\/div>\n\t\t<\/div>\n\t\t\t\t<div class=\"elementor-column elementor-col-50 elementor-top-column elementor-element elementor-element-c227f9e\" data-id=\"c227f9e\" data-element_type=\"column\">\n\t\t\t<div class=\"elementor-widget-wrap elementor-element-populated\">\n\t\t\t\t\t\t\t\t<div class=\"elementor-element elementor-element-954d6a0 elementor-icon-list--layout-traditional elementor-list-item-link-full_width elementor-widget elementor-widget-icon-list\" data-id=\"954d6a0\" data-element_type=\"widget\" data-widget_type=\"icon-list.default\">\n\t\t\t\t<div class=\"elementor-widget-container\">\n\t\t\t\t\t<ul class=\"elementor-icon-list-items\">\n\t\t\t\t\t\t\t<li class=\"elementor-icon-list-item\">\n\t\t\t\t\t\t\t\t\t\t\t<span class=\"elementor-icon-list-icon\">\n\t\t\t\t\t\t\t<i aria-hidden=\"true\" class=\"fas fa-check\"><\/i>\t\t\t\t\t\t<\/span>\n\t\t\t\t\t\t\t\t\t\t<span class=\"elementor-icon-list-text\">Yaound\u00e9<\/span>\n\t\t\t\t\t\t\t\t\t<\/li>\n\t\t\t\t\t\t\t\t<li class=\"elementor-icon-list-item\">\n\t\t\t\t\t\t\t\t\t\t\t<span class=\"elementor-icon-list-icon\">\n\t\t\t\t\t\t\t<i aria-hidden=\"true\" class=\"fas fa-check\"><\/i>\t\t\t\t\t\t<\/span>\n\t\t\t\t\t\t\t\t\t\t<span class=\"elementor-icon-list-text\">Bangant\u00e9<\/span>\n\t\t\t\t\t\t\t\t\t<\/li>\n\t\t\t\t\t\t<\/ul>\n\t\t\t\t<\/div>\n\t\t\t\t<\/div>\n\t\t\t\t\t<\/div>\n\t\t<\/div>\n\t\t\t\t\t\t\t<\/div>\n\t\t<\/section>\n\t\t\t\t\t\t\t<\/div>\n\t\t","protected":false},"excerpt":{"rendered":"<p>Corbillard Limousine blanche 5,5 m\u00e8tres Corbillard Limousine blanche 5,5 m\u00e8tres Corbillard Limousine blanche 5,5 m\u00e8tres Corbillard Limousine blanche 5,5 m\u00e8tres Corbillard Limousine noire 5,5 m\u00e8tres Corbillard Limousine noire 5,5 m\u00e8tres Corbillard Limousine noire 5,5 m\u00e8tres Corbillard Limousine noire 5,5 m\u00e8tres Corbillard 4&#215;4 5,3 m\u00e8tres Corbillard 4&#215;4 5,3 m\u00e8tres Corbillard 4&#215;4 5,3 m\u00e8tres Corbillard 4&#215;4 5,3 &hellip;<\/p>\n<p class=\"read-more\"> <a class=\"\" href=\"https:\/\/amazing-grace-sarl.com\/?page_id=90\"> <span class=\"screen-reader-text\">ZONE D<\/span> Lire la suite\u00a0\u00bb<\/a><\/p>\n","protected":false},"author":1,"featured_media":0,"parent":0,"menu_order":0,"comment_status":"closed","ping_status":"closed","template":"","meta":{"pgc_sgb_lightbox_settings":"","footnotes":""},"class_list":["post-90","page","type-page","status-publish","hentry"],"_links":{"self":[{"href":"https:\/\/amazing-grace-sarl.com\/index.php?rest_route=\/wp\/v2\/pages\/90","targetHints":{"allow":["GET"]}}],"collection":[{"href":"https:\/\/amazing-grace-sarl.com\/index.php?rest_route=\/wp\/v2\/pages"}],"about":[{"href":"https:\/\/amazing-grace-sarl.com\/index.php?rest_route=\/wp\/v2\/types\/page"}],"author":[{"embeddable":true,"href":"https:\/\/amazing-grace-sarl.com\/index.php?rest_route=\/wp\/v2\/users\/1"}],"replies":[{"embeddable":true,"href":"https:\/\/amazing-grace-sarl.com\/index.php?rest_route=%2Fwp%2Fv2%2Fcomments&post=90"}],"version-history":[{"count":14,"href":"https:\/\/amazing-grace-sarl.com\/index.php?rest_route=\/wp\/v2\/pages\/90\/revisions"}],"predecessor-version":[{"id":552,"href":"https:\/\/amazing-grace-sarl.com\/index.php?rest_route=\/wp\/v2\/pages\/90\/revisions\/552"}],"wp:attachment":[{"href":"https:\/\/amazing-grace-sarl.com\/index.php?rest_route=%2Fwp%2Fv2%2Fmedia&parent=90"}],"curies":[{"name":"wp","href":"https:\/\/api.w.org\/{rel}","templated":true}]}}